{"id":28,"date":"2023-12-04T20:22:18","date_gmt":"2023-12-04T19:22:18","guid":{"rendered":"https:\/\/demosites.royal-elementor-addons.com\/dental-v1\/?page_id=23"},"modified":"2026-04-17T10:17:01","modified_gmt":"2026-04-17T08:17:01","slug":"contact","status":"publish","type":"page","link":"https:\/\/vigisensys.fr\/index.php\/contact\/","title":{"rendered":"Contact"},"content":{"rendered":"\t\t<div data-elementor-type=\"wp-page\" data-elementor-id=\"28\" class=\"elementor elementor-28\">\n\t\t\t\t<div class=\"elementor-element elementor-element-b7ded0c e-flex e-con-boxed e-con e-parent\" data-id=\"b7ded0c\" data-element_type=\"container\" data-e-type=\"container\">\n\t\t\t\t\t<div class=\"e-con-inner\">\n\t\t\t\t\t<\/div>\n\t\t\t\t<\/div>\n\t\t<div class=\"elementor-element elementor-element-f1744fb e-flex e-con-boxed e-con e-parent\" data-id=\"f1744fb\" data-element_type=\"container\" data-e-type=\"container\">\n\t\t\t\t\t<div class=\"e-con-inner\">\n\t\t\t\t<div class=\"elementor-element elementor-element-1cbe0d3 elementor-widget__width-inherit elementor-widget elementor-widget-heading\" data-id=\"1cbe0d3\" data-element_type=\"widget\" data-e-type=\"widget\" data-widget_type=\"heading.default\">\n\t\t\t\t<div class=\"elementor-widget-container\">\n\t\t\t\t\t<h1 class=\"elementor-heading-title elementor-size-default\">Construisons ensemble votre solution.<\/h1>\t\t\t\t<\/div>\n\t\t\t\t<\/div>\n\t\t\t\t\t<\/div>\n\t\t\t\t<\/div>\n\t\t<div class=\"elementor-element elementor-element-f67996e e-flex e-con-boxed e-con e-parent\" data-id=\"f67996e\" data-element_type=\"container\" data-e-type=\"container\" id=\"demo3\" data-settings=\"{&quot;background_background&quot;:&quot;gradient&quot;}\">\n\t\t\t\t\t<div class=\"e-con-inner\">\n\t\t<div class=\"elementor-element elementor-element-23dd6e1 e-con-full e-flex e-con e-child\" data-id=\"23dd6e1\" data-element_type=\"container\" data-e-type=\"container\">\n\t\t<div class=\"elementor-element elementor-element-8084619 e-con-full e-flex e-con e-child\" data-id=\"8084619\" data-element_type=\"container\" data-e-type=\"container\">\n\t\t\t\t<div class=\"elementor-element elementor-element-e6b542e elementor-widget elementor-widget-image\" data-id=\"e6b542e\" data-element_type=\"widget\" data-e-type=\"widget\" data-widget_type=\"image.default\">\n\t\t\t\t<div class=\"elementor-widget-container\">\n\t\t\t\t\t\t\t\t\t\t\t\t\t\t\t<img fetchpriority=\"high\" decoding=\"async\" width=\"1907\" height=\"2560\" src=\"https:\/\/vigisensys.fr\/wp-content\/uploads\/2025\/01\/Technicien-scaled.jpg\" class=\"attachment-full size-full wp-image-1657\" alt=\"\" srcset=\"https:\/\/vigisensys.fr\/wp-content\/uploads\/2025\/01\/Technicien-scaled.jpg 1907w, https:\/\/vigisensys.fr\/wp-content\/uploads\/2025\/01\/Technicien-224x300.jpg 224w, https:\/\/vigisensys.fr\/wp-content\/uploads\/2025\/01\/Technicien-763x1024.jpg 763w, https:\/\/vigisensys.fr\/wp-content\/uploads\/2025\/01\/Technicien-768x1031.jpg 768w, https:\/\/vigisensys.fr\/wp-content\/uploads\/2025\/01\/Technicien-1144x1536.jpg 1144w, https:\/\/vigisensys.fr\/wp-content\/uploads\/2025\/01\/Technicien-1526x2048.jpg 1526w\" sizes=\"(max-width: 1907px) 100vw, 1907px\" \/>\t\t\t\t\t\t\t\t\t\t\t\t\t\t\t<\/div>\n\t\t\t\t<\/div>\n\t\t\t\t<\/div>\n\t\t<div class=\"elementor-element elementor-element-334ef49 e-con-full e-flex e-con e-child\" data-id=\"334ef49\" data-element_type=\"container\" data-e-type=\"container\">\n\t\t\t\t<div class=\"elementor-element elementor-element-b2ccef0 elementor-widget elementor-widget-tp-plus-form\" data-id=\"b2ccef0\" data-element_type=\"widget\" data-e-type=\"widget\" data-widget_type=\"tp-plus-form.default\">\n\t\t\t\t<div class=\"elementor-widget-container\">\n\t\t\t\t\t<div class=\"tpae-form-container\" data-formdata=\"{&quot;form_id&quot;:&quot;tpae-form-main&quot;,&quot;Required_mask&quot;:&quot;show-asterisks&quot;,&quot;invalid_form&quot;:&quot;Format invalide&quot;,&quot;required_fields&quot;:&quot;Champ obligatoire&quot;,&quot;form_error&quot;:&quot;Erreur lors de la soumission&quot;,&quot;success_message&quot;:&quot;Envoy\\u00e9&quot;,&quot;server_error&quot;:&quot;Erreur de serveur&quot;}\" data-emaildata=\"&quot;inOa2d0ootxMONgoY62azaffgR3OEsP3jExc0svyHyimm_7dAuBkaTw95uY7FX2vv1o0yce-RsCwpntVT1CYSzbS7-YqmOBfALuJffB7YMYUUJT8IzcBqkvf1uFhs-YDwUujGU9hRE7CZ1Uwpn6yFVJ1tQeH-XhJfCk0EgcKQFbvkFhpUYjHQWioXlU3IR2gaZ3CPMkvWh-qU53rvF9nsPJPZfRWTgy29U8-KhKkghjSYbjr8D10ocp2QhOaKQqHOQxxIacRqzmjsfwTl7hLF0Tc65bGSxrHlNSaCVzKmLpBBJHD9yfpZ1YWzYY6NuNgJ7cYgLbWLuX9f7R2klPwYo3www9doOZBnYPTaPifRf_MZL8LMM-pKG9S5fdVEWqQK93NEqmY&quot;\" ><style> .elementor-element-b2ccef0 .tpae-form-submit-container{ width:100%!important } <\/style><form id=\"tpae-form-main\" class=\"tpae-form\" method=\"post\"><div class=\"tpae-form-field\" data-width=\"48\" data-tablet-width=\"\" data-mobile-width=\"\"> <label for=\"form_fields[first_name]\" class=\"tpae-form-label\">Nom <span class=\"tpae-required-asterisk\">*<\/span><\/label><input type=\"text\" name=\"first_name\" id=\"first_name\" placeholder=\"Nom\" required class=\"medium\" value=\"\" aria-description=\"\"\/><span class=\"tpae-help-text\"><\/span><\/div><div class=\"tpae-form-field\" data-width=\"48\" data-tablet-width=\"\" data-mobile-width=\"\"> <label for=\"form_fields[last_name]\" class=\"tpae-form-label\">Pr\u00e9nom <span class=\"tpae-required-asterisk\">*<\/span><\/label><input type=\"text\" name=\"last_name\" id=\"last_name\" placeholder=\"Pr\u00e9nom\" required class=\"medium\" value=\"\" aria-description=\"\"\/><span class=\"tpae-help-text\"><\/span><\/div><div class=\"tpae-form-field\" data-width=\"\" data-tablet-width=\"\" data-mobile-width=\"\"> <label for=\"form_fields[tab_69f1c939c0f03]\" class=\"tpae-form-label\">Nom de votre soci\u00e9t\u00e9 <span class=\"tpae-required-asterisk\">*<\/span><\/label><input type=\"text\" name=\"tab_69f1c939c0f03\" id=\"tab_69f1c939c0f03\" placeholder=\"Nom de votre soci\u00e9t\u00e9\" required class=\"medium\" value=\"\" aria-description=\"\"\/><span class=\"tpae-help-text\"><\/span><\/div><div class=\"tpae-form-field\" data-width=\"100\" data-tablet-width=\"\" data-mobile-width=\"\"> <label for=\"form_fields[email]\" class=\"tpae-form-label\">Email <span class=\"tpae-required-asterisk\">*<\/span><\/label><input type=\"email\" name=\"email\" id=\"email\" placeholder=\"Email\" required class=\"medium\" value=\"\" aria-description=\"\"\/><span class=\"tpae-help-text\"><\/span><\/div><div class=\"tpae-form-field\" data-width=\"100\" data-tablet-width=\"\" data-mobile-width=\"\"> <label for=\"form_fields[mobile_number]\" class=\"tpae-form-label\">T\u00e9l\u00e9phone <span class=\"tpae-required-asterisk\">*<\/span><\/label><input type=\"number\" name=\"mobile_number\" id=\"mobile_number\" placeholder=\"T\u00e9l\u00e9phone\" required class=\"medium\" value=\"\" aria-description=\"\"\/><span class=\"tpae-help-text\"><\/span><\/div><div class=\"tpae-form-field\" data-width=\"100\" data-tablet-width=\"\" data-mobile-width=\"\"> <label for=\"form_fields[message]\" class=\"tpae-form-label\">Votre demande <span class=\"tpae-required-asterisk\">*<\/span><\/label><textarea name=\"message\" rows=\"5\" id=\"message\" placeholder=\"D\u00e9crivez votr demande ici\" required class=\"medium\"aria-description=\"\"><\/textarea><\/div><div class=\"tpae-form-submit-container\"><button id=\"tpae-form-button\" type=\"submit\" class=\"tpae-form-submit tpae-form-button tpae-icon-after\"><span class=\"tpae-button-text\">Envoyer <i aria-hidden=\"true\" class=\"fas fa-envelope-open-text\"><\/i> <\/span><span class=\"tpae-button-loader\" style=\"display:none;\"><span class=\"tpae-spinner\"><\/span><\/span><\/button><\/div><\/form><\/div>\t\t\t\t<\/div>\n\t\t\t\t<\/div>\n\t\t\t\t<\/div>\n\t\t\t\t<\/div>\n\t\t\t\t\t<\/div>\n\t\t\t\t<\/div>\n\t\t<div class=\"elementor-element elementor-element-94bc86d e-con-full e-flex e-con e-parent\" data-id=\"94bc86d\" data-element_type=\"container\" data-e-type=\"container\">\n\t\t<div class=\"elementor-element elementor-element-e32a0e2 e-con-full e-flex e-con e-child\" data-id=\"e32a0e2\" data-element_type=\"container\" data-e-type=\"container\" data-settings=\"{&quot;background_background&quot;:&quot;classic&quot;}\">\n\t\t<div class=\"elementor-element elementor-element-bf49e7b e-grid e-con-boxed e-con e-child\" data-id=\"bf49e7b\" data-element_type=\"container\" data-e-type=\"container\" data-settings=\"{&quot;background_background&quot;:&quot;classic&quot;}\">\n\t\t\t\t\t<div class=\"e-con-inner\">\n\t\t<div class=\"elementor-element elementor-element-0cbc3c9 e-flex e-con-boxed e-con e-child\" data-id=\"0cbc3c9\" data-element_type=\"container\" data-e-type=\"container\">\n\t\t\t\t\t<div class=\"e-con-inner\">\n\t\t\t\t<div class=\"elementor-element elementor-element-00e73c6 elementor-widget elementor-widget-heading\" data-id=\"00e73c6\" data-element_type=\"widget\" data-e-type=\"widget\" data-widget_type=\"heading.default\">\n\t\t\t\t<div class=\"elementor-widget-container\">\n\t\t\t\t\t<h2 class=\"elementor-heading-title elementor-size-default\">Un <span class=\"gradient-word\">accompagnement expert<\/span>, au-del\u00e0 du produit.<\/h2>\t\t\t\t<\/div>\n\t\t\t\t<\/div>\n\t\t\t\t<div class=\"elementor-element elementor-element-784ef8f elementor-widget elementor-widget-text-editor\" data-id=\"784ef8f\" data-element_type=\"widget\" data-e-type=\"widget\" data-widget_type=\"text-editor.default\">\n\t\t\t\t<div class=\"elementor-widget-container\">\n\t\t\t\t\t\t\t\t\t<p data-start=\"714\" data-end=\"805\">D\u00e9velopp\u00e9 par MC2, expert reconnu depuis plus de 30 ans, VigiSensys s\u2019inscrit dans une approche globale alliant technologie, conformit\u00e9 et accompagnement terrain.<br data-start=\"619\" data-end=\"622\" \/>Nos \u00e9quipes assurent la m\u00e9trologie, l\u2019installation et le suivi pour garantir la performance durable de votre syst\u00e8me.<\/p>\t\t\t\t\t\t\t\t<\/div>\n\t\t\t\t<\/div>\n\t\t<div class=\"elementor-element elementor-element-885cede e-grid e-con-full e-con e-child\" data-id=\"885cede\" data-element_type=\"container\" data-e-type=\"container\">\n\t\t\t\t<div class=\"elementor-element elementor-element-513f217 elementor-align-left e-transform elementor-widget elementor-widget-button\" data-id=\"513f217\" data-element_type=\"widget\" data-e-type=\"widget\" data-settings=\"{&quot;_transform_translateY_effect_hover&quot;:{&quot;unit&quot;:&quot;px&quot;,&quot;size&quot;:-6,&quot;sizes&quot;:[]},&quot;_transform_translateX_effect_hover&quot;:{&quot;unit&quot;:&quot;px&quot;,&quot;size&quot;:&quot;&quot;,&quot;sizes&quot;:[]},&quot;_transform_translateX_effect_hover_tablet&quot;:{&quot;unit&quot;:&quot;px&quot;,&quot;size&quot;:&quot;&quot;,&quot;sizes&quot;:[]},&quot;_transform_translateX_effect_hover_mobile&quot;:{&quot;unit&quot;:&quot;px&quot;,&quot;size&quot;:&quot;&quot;,&quot;sizes&quot;:[]},&quot;_transform_translateY_effect_hover_tablet&quot;:{&quot;unit&quot;:&quot;px&quot;,&quot;size&quot;:&quot;&quot;,&quot;sizes&quot;:[]},&quot;_transform_translateY_effect_hover_mobile&quot;:{&quot;unit&quot;:&quot;px&quot;,&quot;size&quot;:&quot;&quot;,&quot;sizes&quot;:[]}}\" data-widget_type=\"button.default\">\n\t\t\t\t<div class=\"elementor-widget-container\">\n\t\t\t\t\t\t\t\t\t<div class=\"elementor-button-wrapper\">\n\t\t\t\t\t<a class=\"elementor-button elementor-button-link elementor-size-sm\" href=\"https:\/\/vigisensys.fr\/index.php\/nos-services\/\">\n\t\t\t\t\t\t<span class=\"elementor-button-content-wrapper\">\n\t\t\t\t\t\t\t\t\t<span class=\"elementor-button-text\">Nos services<\/span>\n\t\t\t\t\t<\/span>\n\t\t\t\t\t<\/a>\n\t\t\t\t<\/div>\n\t\t\t\t\t\t\t\t<\/div>\n\t\t\t\t<\/div>\n\t\t\t\t<div class=\"elementor-element elementor-element-ea7944f elementor-align-left e-transform elementor-widget elementor-widget-button\" data-id=\"ea7944f\" data-element_type=\"widget\" data-e-type=\"widget\" data-settings=\"{&quot;_transform_translateY_effect_hover&quot;:{&quot;unit&quot;:&quot;px&quot;,&quot;size&quot;:-6,&quot;sizes&quot;:[]},&quot;_transform_translateX_effect_hover&quot;:{&quot;unit&quot;:&quot;px&quot;,&quot;size&quot;:&quot;&quot;,&quot;sizes&quot;:[]},&quot;_transform_translateX_effect_hover_tablet&quot;:{&quot;unit&quot;:&quot;px&quot;,&quot;size&quot;:&quot;&quot;,&quot;sizes&quot;:[]},&quot;_transform_translateX_effect_hover_mobile&quot;:{&quot;unit&quot;:&quot;px&quot;,&quot;size&quot;:&quot;&quot;,&quot;sizes&quot;:[]},&quot;_transform_translateY_effect_hover_tablet&quot;:{&quot;unit&quot;:&quot;px&quot;,&quot;size&quot;:&quot;&quot;,&quot;sizes&quot;:[]},&quot;_transform_translateY_effect_hover_mobile&quot;:{&quot;unit&quot;:&quot;px&quot;,&quot;size&quot;:&quot;&quot;,&quot;sizes&quot;:[]}}\" data-widget_type=\"button.default\">\n\t\t\t\t<div class=\"elementor-widget-container\">\n\t\t\t\t\t\t\t\t\t<div class=\"elementor-button-wrapper\">\n\t\t\t\t\t<a class=\"elementor-button elementor-button-link elementor-size-sm\" href=\"https:\/\/vigisensys.fr\/index.php\/a-propos-de-nous\/\">\n\t\t\t\t\t\t<span class=\"elementor-button-content-wrapper\">\n\t\t\t\t\t\t\t\t\t<span class=\"elementor-button-text\">A propos de nous<\/span>\n\t\t\t\t\t<\/span>\n\t\t\t\t\t<\/a>\n\t\t\t\t<\/div>\n\t\t\t\t\t\t\t\t<\/div>\n\t\t\t\t<\/div>\n\t\t\t\t<\/div>\n\t\t\t\t\t<\/div>\n\t\t\t\t<\/div>\n\t\t\t\t<div class=\"elementor-element elementor-element-0fb793e elementor-widget elementor-widget-image\" data-id=\"0fb793e\" data-element_type=\"widget\" data-e-type=\"widget\" data-widget_type=\"image.default\">\n\t\t\t\t<div class=\"elementor-widget-container\">\n\t\t\t\t\t\t\t\t\t\t\t\t\t\t\t<img decoding=\"async\" width=\"968\" height=\"500\" src=\"https:\/\/vigisensys.fr\/wp-content\/uploads\/2025\/01\/Hotline-e1771420545262.webp\" class=\"attachment-full size-full wp-image-1634\" alt=\"\" srcset=\"https:\/\/vigisensys.fr\/wp-content\/uploads\/2025\/01\/Hotline-e1771420545262.webp 968w, https:\/\/vigisensys.fr\/wp-content\/uploads\/2025\/01\/Hotline-e1771420545262-300x155.webp 300w, https:\/\/vigisensys.fr\/wp-content\/uploads\/2025\/01\/Hotline-e1771420545262-768x397.webp 768w\" sizes=\"(max-width: 968px) 100vw, 968px\" \/>\t\t\t\t\t\t\t\t\t\t\t\t\t\t\t<\/div>\n\t\t\t\t<\/div>\n\t\t\t\t\t<\/div>\n\t\t\t\t<\/div>\n\t\t\t\t<\/div>\n\t\t\t\t<\/div>\n\t\t\t\t<\/div>\n\t\t","protected":false},"excerpt":{"rendered":"<p>Construisons ensemble votre solution. Nom * Pr\u00e9nom * Nom de votre soci\u00e9t\u00e9 * Email * T\u00e9l\u00e9phone * Votre demande *Envoyer Un accompagnement expert, au-del\u00e0 du produit. D\u00e9velopp\u00e9 par MC2, expert reconnu depuis plus de 30 ans, VigiSensys s\u2019inscrit dans une approche globale alliant technologie, conformit\u00e9 et accompagnement terrain.Nos \u00e9quipes assurent la m\u00e9trologie, l\u2019installation et le [&hellip;]<\/p>\n","protected":false},"author":1,"featured_media":0,"parent":0,"menu_order":0,"comment_status":"closed","ping_status":"closed","template":"elementor_header_footer","meta":{"footnotes":""},"class_list":["post-28","page","type-page","status-publish","hentry"],"yoast_head":"<!-- This site is optimized with the Yoast SEO plugin v27.5 - https:\/\/yoast.com\/product\/yoast-seo-wordpress\/ -->\n<title>Contact - VigiSensys<\/title>\n<meta name=\"robots\" content=\"index, follow, max-snippet:-1, max-image-preview:large, max-video-preview:-1\" \/>\n<link rel=\"canonical\" href=\"https:\/\/vigisensys.fr\/index.php\/contact\/\" \/>\n<meta property=\"og:locale\" content=\"fr_FR\" \/>\n<meta property=\"og:type\" content=\"article\" \/>\n<meta property=\"og:title\" content=\"Contact - VigiSensys\" \/>\n<meta property=\"og:description\" content=\"Construisons ensemble votre solution. Nom * Pr\u00e9nom * Nom de votre soci\u00e9t\u00e9 * Email * T\u00e9l\u00e9phone * Votre demande *Envoyer Un accompagnement expert, au-del\u00e0 du produit. D\u00e9velopp\u00e9 par MC2, expert reconnu depuis plus de 30 ans, VigiSensys s\u2019inscrit dans une approche globale alliant technologie, conformit\u00e9 et accompagnement terrain.Nos \u00e9quipes assurent la m\u00e9trologie, l\u2019installation et le [&hellip;]\" \/>\n<meta property=\"og:url\" content=\"https:\/\/vigisensys.fr\/index.php\/contact\/\" \/>\n<meta property=\"og:site_name\" content=\"VigiSensys\" \/>\n<meta property=\"article:modified_time\" content=\"2026-04-17T08:17:01+00:00\" \/>\n<meta property=\"og:image\" content=\"https:\/\/vigisensys.fr\/wp-content\/uploads\/2025\/01\/Technicien-scaled.jpg\" \/>\n\t<meta property=\"og:image:width\" content=\"1907\" \/>\n\t<meta property=\"og:image:height\" content=\"2560\" \/>\n\t<meta property=\"og:image:type\" content=\"image\/jpeg\" \/>\n<meta name=\"twitter:card\" content=\"summary_large_image\" \/>\n<meta name=\"twitter:label1\" content=\"Dur\u00e9e de lecture estim\u00e9e\" \/>\n\t<meta name=\"twitter:data1\" content=\"1 minute\" \/>\n<script type=\"application\/ld+json\" class=\"yoast-schema-graph\">{\"@context\":\"https:\\\/\\\/schema.org\",\"@graph\":[{\"@type\":\"WebPage\",\"@id\":\"https:\\\/\\\/vigisensys.fr\\\/index.php\\\/contact\\\/\",\"url\":\"https:\\\/\\\/vigisensys.fr\\\/index.php\\\/contact\\\/\",\"name\":\"Contact - VigiSensys\",\"isPartOf\":{\"@id\":\"https:\\\/\\\/vigisensys.fr\\\/#website\"},\"primaryImageOfPage\":{\"@id\":\"https:\\\/\\\/vigisensys.fr\\\/index.php\\\/contact\\\/#primaryimage\"},\"image\":{\"@id\":\"https:\\\/\\\/vigisensys.fr\\\/index.php\\\/contact\\\/#primaryimage\"},\"thumbnailUrl\":\"https:\\\/\\\/vigisensys.fr\\\/wp-content\\\/uploads\\\/2025\\\/01\\\/Technicien-scaled.jpg\",\"datePublished\":\"2023-12-04T19:22:18+00:00\",\"dateModified\":\"2026-04-17T08:17:01+00:00\",\"breadcrumb\":{\"@id\":\"https:\\\/\\\/vigisensys.fr\\\/index.php\\\/contact\\\/#breadcrumb\"},\"inLanguage\":\"fr-FR\",\"potentialAction\":[{\"@type\":\"ReadAction\",\"target\":[\"https:\\\/\\\/vigisensys.fr\\\/index.php\\\/contact\\\/\"]}]},{\"@type\":\"ImageObject\",\"inLanguage\":\"fr-FR\",\"@id\":\"https:\\\/\\\/vigisensys.fr\\\/index.php\\\/contact\\\/#primaryimage\",\"url\":\"https:\\\/\\\/vigisensys.fr\\\/wp-content\\\/uploads\\\/2025\\\/01\\\/Technicien-scaled.jpg\",\"contentUrl\":\"https:\\\/\\\/vigisensys.fr\\\/wp-content\\\/uploads\\\/2025\\\/01\\\/Technicien-scaled.jpg\",\"width\":1907,\"height\":2560},{\"@type\":\"BreadcrumbList\",\"@id\":\"https:\\\/\\\/vigisensys.fr\\\/index.php\\\/contact\\\/#breadcrumb\",\"itemListElement\":[{\"@type\":\"ListItem\",\"position\":1,\"name\":\"Accueil\",\"item\":\"https:\\\/\\\/vigisensys.fr\\\/\"},{\"@type\":\"ListItem\",\"position\":2,\"name\":\"Contact\"}]},{\"@type\":\"WebSite\",\"@id\":\"https:\\\/\\\/vigisensys.fr\\\/#website\",\"url\":\"https:\\\/\\\/vigisensys.fr\\\/\",\"name\":\"VigiSensys - Solution de surveillance multi-param\u00e8tres\",\"description\":\"UNE MEILLEURE MA\u00ceTRISE DU RISQUE GR\u00c2CE A DES RESULTATS PLUS FIABLES\",\"publisher\":{\"@id\":\"https:\\\/\\\/vigisensys.fr\\\/#organization\"},\"alternateName\":\"VGS\",\"potentialAction\":[{\"@type\":\"SearchAction\",\"target\":{\"@type\":\"EntryPoint\",\"urlTemplate\":\"https:\\\/\\\/vigisensys.fr\\\/?s={search_term_string}\"},\"query-input\":{\"@type\":\"PropertyValueSpecification\",\"valueRequired\":true,\"valueName\":\"search_term_string\"}}],\"inLanguage\":\"fr-FR\"},{\"@type\":\"Organization\",\"@id\":\"https:\\\/\\\/vigisensys.fr\\\/#organization\",\"name\":\"VigiSensys\",\"url\":\"https:\\\/\\\/vigisensys.fr\\\/\",\"logo\":{\"@type\":\"ImageObject\",\"inLanguage\":\"fr-FR\",\"@id\":\"https:\\\/\\\/vigisensys.fr\\\/#\\\/schema\\\/logo\\\/image\\\/\",\"url\":\"https:\\\/\\\/vigisensys.fr\\\/wp-content\\\/uploads\\\/2026\\\/02\\\/VigiSensys1-1-scaled.png\",\"contentUrl\":\"https:\\\/\\\/vigisensys.fr\\\/wp-content\\\/uploads\\\/2026\\\/02\\\/VigiSensys1-1-scaled.png\",\"width\":2376,\"height\":2560,\"caption\":\"VigiSensys\"},\"image\":{\"@id\":\"https:\\\/\\\/vigisensys.fr\\\/#\\\/schema\\\/logo\\\/image\\\/\"},\"sameAs\":[\"https:\\\/\\\/www.linkedin.com\\\/company\\\/mc2lab\"]}]}<\/script>\n<!-- \/ Yoast SEO plugin. -->","yoast_head_json":{"title":"Contact - VigiSensys","robots":{"index":"index","follow":"follow","max-snippet":"max-snippet:-1","max-image-preview":"max-image-preview:large","max-video-preview":"max-video-preview:-1"},"canonical":"https:\/\/vigisensys.fr\/index.php\/contact\/","og_locale":"fr_FR","og_type":"article","og_title":"Contact - VigiSensys","og_description":"Construisons ensemble votre solution. Nom * Pr\u00e9nom * Nom de votre soci\u00e9t\u00e9 * Email * T\u00e9l\u00e9phone * Votre demande *Envoyer Un accompagnement expert, au-del\u00e0 du produit. D\u00e9velopp\u00e9 par MC2, expert reconnu depuis plus de 30 ans, VigiSensys s\u2019inscrit dans une approche globale alliant technologie, conformit\u00e9 et accompagnement terrain.Nos \u00e9quipes assurent la m\u00e9trologie, l\u2019installation et le [&hellip;]","og_url":"https:\/\/vigisensys.fr\/index.php\/contact\/","og_site_name":"VigiSensys","article_modified_time":"2026-04-17T08:17:01+00:00","og_image":[{"width":1907,"height":2560,"url":"https:\/\/vigisensys.fr\/wp-content\/uploads\/2025\/01\/Technicien-scaled.jpg","type":"image\/jpeg"}],"twitter_card":"summary_large_image","twitter_misc":{"Dur\u00e9e de lecture estim\u00e9e":"1 minute"},"schema":{"@context":"https:\/\/schema.org","@graph":[{"@type":"WebPage","@id":"https:\/\/vigisensys.fr\/index.php\/contact\/","url":"https:\/\/vigisensys.fr\/index.php\/contact\/","name":"Contact - VigiSensys","isPartOf":{"@id":"https:\/\/vigisensys.fr\/#website"},"primaryImageOfPage":{"@id":"https:\/\/vigisensys.fr\/index.php\/contact\/#primaryimage"},"image":{"@id":"https:\/\/vigisensys.fr\/index.php\/contact\/#primaryimage"},"thumbnailUrl":"https:\/\/vigisensys.fr\/wp-content\/uploads\/2025\/01\/Technicien-scaled.jpg","datePublished":"2023-12-04T19:22:18+00:00","dateModified":"2026-04-17T08:17:01+00:00","breadcrumb":{"@id":"https:\/\/vigisensys.fr\/index.php\/contact\/#breadcrumb"},"inLanguage":"fr-FR","potentialAction":[{"@type":"ReadAction","target":["https:\/\/vigisensys.fr\/index.php\/contact\/"]}]},{"@type":"ImageObject","inLanguage":"fr-FR","@id":"https:\/\/vigisensys.fr\/index.php\/contact\/#primaryimage","url":"https:\/\/vigisensys.fr\/wp-content\/uploads\/2025\/01\/Technicien-scaled.jpg","contentUrl":"https:\/\/vigisensys.fr\/wp-content\/uploads\/2025\/01\/Technicien-scaled.jpg","width":1907,"height":2560},{"@type":"BreadcrumbList","@id":"https:\/\/vigisensys.fr\/index.php\/contact\/#breadcrumb","itemListElement":[{"@type":"ListItem","position":1,"name":"Accueil","item":"https:\/\/vigisensys.fr\/"},{"@type":"ListItem","position":2,"name":"Contact"}]},{"@type":"WebSite","@id":"https:\/\/vigisensys.fr\/#website","url":"https:\/\/vigisensys.fr\/","name":"VigiSensys - Solution de surveillance multi-param\u00e8tres","description":"UNE MEILLEURE MA\u00ceTRISE DU RISQUE GR\u00c2CE A DES RESULTATS PLUS FIABLES","publisher":{"@id":"https:\/\/vigisensys.fr\/#organization"},"alternateName":"VGS","potentialAction":[{"@type":"SearchAction","target":{"@type":"EntryPoint","urlTemplate":"https:\/\/vigisensys.fr\/?s={search_term_string}"},"query-input":{"@type":"PropertyValueSpecification","valueRequired":true,"valueName":"search_term_string"}}],"inLanguage":"fr-FR"},{"@type":"Organization","@id":"https:\/\/vigisensys.fr\/#organization","name":"VigiSensys","url":"https:\/\/vigisensys.fr\/","logo":{"@type":"ImageObject","inLanguage":"fr-FR","@id":"https:\/\/vigisensys.fr\/#\/schema\/logo\/image\/","url":"https:\/\/vigisensys.fr\/wp-content\/uploads\/2026\/02\/VigiSensys1-1-scaled.png","contentUrl":"https:\/\/vigisensys.fr\/wp-content\/uploads\/2026\/02\/VigiSensys1-1-scaled.png","width":2376,"height":2560,"caption":"VigiSensys"},"image":{"@id":"https:\/\/vigisensys.fr\/#\/schema\/logo\/image\/"},"sameAs":["https:\/\/www.linkedin.com\/company\/mc2lab"]}]}},"_links":{"self":[{"href":"https:\/\/vigisensys.fr\/index.php\/wp-json\/wp\/v2\/pages\/28","targetHints":{"allow":["GET"]}}],"collection":[{"href":"https:\/\/vigisensys.fr\/index.php\/wp-json\/wp\/v2\/pages"}],"about":[{"href":"https:\/\/vigisensys.fr\/index.php\/wp-json\/wp\/v2\/types\/page"}],"author":[{"embeddable":true,"href":"https:\/\/vigisensys.fr\/index.php\/wp-json\/wp\/v2\/users\/1"}],"replies":[{"embeddable":true,"href":"https:\/\/vigisensys.fr\/index.php\/wp-json\/wp\/v2\/comments?post=28"}],"version-history":[{"count":39,"href":"https:\/\/vigisensys.fr\/index.php\/wp-json\/wp\/v2\/pages\/28\/revisions"}],"predecessor-version":[{"id":2941,"href":"https:\/\/vigisensys.fr\/index.php\/wp-json\/wp\/v2\/pages\/28\/revisions\/2941"}],"wp:attachment":[{"href":"https:\/\/vigisensys.fr\/index.php\/wp-json\/wp\/v2\/media?parent=28"}],"curies":[{"name":"wp","href":"https:\/\/api.w.org\/{rel}","templated":true}]}}