{"id":2530,"date":"2026-02-24T12:29:06","date_gmt":"2026-02-24T11:29:06","guid":{"rendered":"https:\/\/vigitemp.fr\/?page_id=2530"},"modified":"2026-03-09T15:43:49","modified_gmt":"2026-03-09T14:43:49","slug":"mentions-legales","status":"publish","type":"page","link":"https:\/\/vigisensys.fr\/index.php\/mentions-legales\/","title":{"rendered":"Mentions l\u00e9gales"},"content":{"rendered":"\t\t<div data-elementor-type=\"wp-page\" data-elementor-id=\"2530\" class=\"elementor elementor-2530\">\n\t\t\t\t<div class=\"elementor-element elementor-element-a27b3a6 e-flex e-con-boxed e-con e-parent\" data-id=\"a27b3a6\" data-element_type=\"container\" data-e-type=\"container\">\n\t\t\t\t\t<div class=\"e-con-inner\">\n\t\t\t\t<div class=\"elementor-element elementor-element-ee0a9d9 elementor-widget elementor-widget-heading\" data-id=\"ee0a9d9\" data-element_type=\"widget\" data-e-type=\"widget\" data-widget_type=\"heading.default\">\n\t\t\t\t<div class=\"elementor-widget-container\">\n\t\t\t\t\t<h2 class=\"elementor-heading-title elementor-size-default\">MENTIONS L\u00c9GALES<\/h2>\t\t\t\t<\/div>\n\t\t\t\t<\/div>\n\t\t\t\t<div class=\"elementor-element elementor-element-ff09ba9 elementor-widget elementor-widget-text-editor\" data-id=\"ff09ba9\" data-element_type=\"widget\" data-e-type=\"widget\" data-widget_type=\"text-editor.default\">\n\t\t\t\t<div class=\"elementor-widget-container\">\n\t\t\t\t\t\t\t\t\t<p data-section-id=\"1p8jlsi\" data-start=\"241\" data-end=\"262\"><strong>\u00c9diteur du site<\/strong><\/p><p data-start=\"264\" data-end=\"320\">Le site <strong data-start=\"272\" data-end=\"286\">VigiSensys<\/strong> est \u00e9dit\u00e9 par la soci\u00e9t\u00e9 <strong data-start=\"312\" data-end=\"319\">MC2<\/strong>.<\/p><p data-start=\"322\" data-end=\"612\">Raison sociale : <strong data-start=\"339\" data-end=\"346\">MC2<\/strong><br data-start=\"346\" data-end=\"349\" \/>Si\u00e8ge social : <strong data-start=\"459\" data-end=\"481\">2, all\u00e9e Alan Turing &#8211; CS40033 &#8211; 63170 AUBIERE<\/strong><br data-start=\"481\" data-end=\"484\" \/>Directeur de la publication : <strong data-start=\"644\" data-end=\"681\">Olivier SENNEPIN<\/strong><\/p><p data-start=\"683\" data-end=\"762\">Contact :<br data-start=\"692\" data-end=\"695\" \/>T\u00e9l\u00e9phone : <strong data-start=\"707\" data-end=\"732\">04 73 28 99 99\u00a0<\/strong><br data-start=\"732\" data-end=\"735\" \/>Email : <strong data-start=\"743\" data-end=\"762\">contact@mc2lab.fr<\/strong><\/p><p data-start=\"683\" data-end=\"762\">\u00a0<\/p><p data-section-id=\"m5xqzh\" data-start=\"769\" data-end=\"786\"><strong>H\u00e9bergement<\/strong><\/p><p data-start=\"788\" data-end=\"813\">Le site est h\u00e9berg\u00e9 par :<\/p><p data-start=\"815\" data-end=\"871\"><strong data-start=\"815\" data-end=\"827\">OVHcloud<\/strong><br data-start=\"827\" data-end=\"830\" \/><a class=\"decorated-link\" href=\"https:\/\/www.ovhcloud.com\" target=\"_new\" rel=\"noopener\" data-start=\"884\" data-end=\"908\">https:\/\/www.ovhcloud.com<\/a><\/p>\t\t\t\t\t\t\t\t<\/div>\n\t\t\t\t<\/div>\n\t\t\t\t\t<\/div>\n\t\t\t\t<\/div>\n\t\t\t\t<\/div>\n\t\t","protected":false},"excerpt":{"rendered":"<p>MENTIONS L\u00c9GALES \u00c9diteur du site Le site VigiSensys est \u00e9dit\u00e9 par la soci\u00e9t\u00e9 MC2. Raison sociale : MC2Si\u00e8ge social : 2, all\u00e9e Alan Turing &#8211; CS40033 &#8211; 63170 AUBIEREDirecteur de la publication : Olivier SENNEPIN Contact :T\u00e9l\u00e9phone : 04 73 28 99 99\u00a0Email : contact@mc2lab.fr \u00a0 H\u00e9bergement Le site est h\u00e9berg\u00e9 par : OVHcloudhttps:\/\/www.ovhcloud.com<\/p>\n","protected":false},"author":1,"featured_media":0,"parent":0,"menu_order":0,"comment_status":"closed","ping_status":"closed","template":"elementor_header_footer","meta":{"footnotes":""},"class_list":["post-2530","page","type-page","status-publish","hentry"],"yoast_head":"<!-- This site is optimized with the Yoast SEO plugin v27.5 - https:\/\/yoast.com\/product\/yoast-seo-wordpress\/ -->\n<title>Mentions l\u00e9gales - VigiSensys<\/title>\n<meta name=\"robots\" content=\"index, follow, max-snippet:-1, max-image-preview:large, max-video-preview:-1\" \/>\n<link rel=\"canonical\" href=\"https:\/\/vigisensys.fr\/index.php\/mentions-legales\/\" \/>\n<meta property=\"og:locale\" content=\"fr_FR\" \/>\n<meta property=\"og:type\" content=\"article\" \/>\n<meta property=\"og:title\" content=\"Mentions l\u00e9gales - VigiSensys\" \/>\n<meta property=\"og:description\" content=\"MENTIONS L\u00c9GALES \u00c9diteur du site Le site VigiSensys est \u00e9dit\u00e9 par la soci\u00e9t\u00e9 MC2. Raison sociale : MC2Si\u00e8ge social : 2, all\u00e9e Alan Turing &#8211; CS40033 &#8211; 63170 AUBIEREDirecteur de la publication : Olivier SENNEPIN Contact :T\u00e9l\u00e9phone : 04 73 28 99 99\u00a0Email : contact@mc2lab.fr \u00a0 H\u00e9bergement Le site est h\u00e9berg\u00e9 par : OVHcloudhttps:\/\/www.ovhcloud.com\" \/>\n<meta property=\"og:url\" content=\"https:\/\/vigisensys.fr\/index.php\/mentions-legales\/\" \/>\n<meta property=\"og:site_name\" content=\"VigiSensys\" \/>\n<meta property=\"article:modified_time\" content=\"2026-03-09T14:43:49+00:00\" \/>\n<meta property=\"og:image\" content=\"https:\/\/vigisensys.fr\/wp-content\/uploads\/2026\/02\/VigiSensys1-1-scaled.png\" \/>\n\t<meta property=\"og:image:width\" content=\"2376\" \/>\n\t<meta property=\"og:image:height\" content=\"2560\" \/>\n\t<meta property=\"og:image:type\" content=\"image\/png\" \/>\n<meta name=\"twitter:card\" content=\"summary_large_image\" \/>\n<meta name=\"twitter:label1\" content=\"Dur\u00e9e de lecture estim\u00e9e\" \/>\n\t<meta name=\"twitter:data1\" content=\"1 minute\" \/>\n<script type=\"application\/ld+json\" class=\"yoast-schema-graph\">{\"@context\":\"https:\\\/\\\/schema.org\",\"@graph\":[{\"@type\":\"WebPage\",\"@id\":\"https:\\\/\\\/vigisensys.fr\\\/index.php\\\/mentions-legales\\\/\",\"url\":\"https:\\\/\\\/vigisensys.fr\\\/index.php\\\/mentions-legales\\\/\",\"name\":\"Mentions l\u00e9gales - VigiSensys\",\"isPartOf\":{\"@id\":\"https:\\\/\\\/vigisensys.fr\\\/#website\"},\"datePublished\":\"2026-02-24T11:29:06+00:00\",\"dateModified\":\"2026-03-09T14:43:49+00:00\",\"breadcrumb\":{\"@id\":\"https:\\\/\\\/vigisensys.fr\\\/index.php\\\/mentions-legales\\\/#breadcrumb\"},\"inLanguage\":\"fr-FR\",\"potentialAction\":[{\"@type\":\"ReadAction\",\"target\":[\"https:\\\/\\\/vigisensys.fr\\\/index.php\\\/mentions-legales\\\/\"]}]},{\"@type\":\"BreadcrumbList\",\"@id\":\"https:\\\/\\\/vigisensys.fr\\\/index.php\\\/mentions-legales\\\/#breadcrumb\",\"itemListElement\":[{\"@type\":\"ListItem\",\"position\":1,\"name\":\"Accueil\",\"item\":\"https:\\\/\\\/vigisensys.fr\\\/\"},{\"@type\":\"ListItem\",\"position\":2,\"name\":\"Mentions l\u00e9gales\"}]},{\"@type\":\"WebSite\",\"@id\":\"https:\\\/\\\/vigisensys.fr\\\/#website\",\"url\":\"https:\\\/\\\/vigisensys.fr\\\/\",\"name\":\"VigiSensys - Solution de surveillance multi-param\u00e8tres\",\"description\":\"UNE MEILLEURE MA\u00ceTRISE DU RISQUE GR\u00c2CE A DES RESULTATS PLUS FIABLES\",\"publisher\":{\"@id\":\"https:\\\/\\\/vigisensys.fr\\\/#organization\"},\"alternateName\":\"VGS\",\"potentialAction\":[{\"@type\":\"SearchAction\",\"target\":{\"@type\":\"EntryPoint\",\"urlTemplate\":\"https:\\\/\\\/vigisensys.fr\\\/?s={search_term_string}\"},\"query-input\":{\"@type\":\"PropertyValueSpecification\",\"valueRequired\":true,\"valueName\":\"search_term_string\"}}],\"inLanguage\":\"fr-FR\"},{\"@type\":\"Organization\",\"@id\":\"https:\\\/\\\/vigisensys.fr\\\/#organization\",\"name\":\"VigiSensys\",\"url\":\"https:\\\/\\\/vigisensys.fr\\\/\",\"logo\":{\"@type\":\"ImageObject\",\"inLanguage\":\"fr-FR\",\"@id\":\"https:\\\/\\\/vigisensys.fr\\\/#\\\/schema\\\/logo\\\/image\\\/\",\"url\":\"https:\\\/\\\/vigisensys.fr\\\/wp-content\\\/uploads\\\/2026\\\/02\\\/VigiSensys1-1-scaled.png\",\"contentUrl\":\"https:\\\/\\\/vigisensys.fr\\\/wp-content\\\/uploads\\\/2026\\\/02\\\/VigiSensys1-1-scaled.png\",\"width\":2376,\"height\":2560,\"caption\":\"VigiSensys\"},\"image\":{\"@id\":\"https:\\\/\\\/vigisensys.fr\\\/#\\\/schema\\\/logo\\\/image\\\/\"},\"sameAs\":[\"https:\\\/\\\/www.linkedin.com\\\/company\\\/mc2lab\"]}]}<\/script>\n<!-- \/ Yoast SEO plugin. -->","yoast_head_json":{"title":"Mentions l\u00e9gales - VigiSensys","robots":{"index":"index","follow":"follow","max-snippet":"max-snippet:-1","max-image-preview":"max-image-preview:large","max-video-preview":"max-video-preview:-1"},"canonical":"https:\/\/vigisensys.fr\/index.php\/mentions-legales\/","og_locale":"fr_FR","og_type":"article","og_title":"Mentions l\u00e9gales - VigiSensys","og_description":"MENTIONS L\u00c9GALES \u00c9diteur du site Le site VigiSensys est \u00e9dit\u00e9 par la soci\u00e9t\u00e9 MC2. Raison sociale : MC2Si\u00e8ge social : 2, all\u00e9e Alan Turing &#8211; CS40033 &#8211; 63170 AUBIEREDirecteur de la publication : Olivier SENNEPIN Contact :T\u00e9l\u00e9phone : 04 73 28 99 99\u00a0Email : contact@mc2lab.fr \u00a0 H\u00e9bergement Le site est h\u00e9berg\u00e9 par : OVHcloudhttps:\/\/www.ovhcloud.com","og_url":"https:\/\/vigisensys.fr\/index.php\/mentions-legales\/","og_site_name":"VigiSensys","article_modified_time":"2026-03-09T14:43:49+00:00","og_image":[{"width":2376,"height":2560,"url":"https:\/\/vigisensys.fr\/wp-content\/uploads\/2026\/02\/VigiSensys1-1-scaled.png","type":"image\/png"}],"twitter_card":"summary_large_image","twitter_misc":{"Dur\u00e9e de lecture estim\u00e9e":"1 minute"},"schema":{"@context":"https:\/\/schema.org","@graph":[{"@type":"WebPage","@id":"https:\/\/vigisensys.fr\/index.php\/mentions-legales\/","url":"https:\/\/vigisensys.fr\/index.php\/mentions-legales\/","name":"Mentions l\u00e9gales - VigiSensys","isPartOf":{"@id":"https:\/\/vigisensys.fr\/#website"},"datePublished":"2026-02-24T11:29:06+00:00","dateModified":"2026-03-09T14:43:49+00:00","breadcrumb":{"@id":"https:\/\/vigisensys.fr\/index.php\/mentions-legales\/#breadcrumb"},"inLanguage":"fr-FR","potentialAction":[{"@type":"ReadAction","target":["https:\/\/vigisensys.fr\/index.php\/mentions-legales\/"]}]},{"@type":"BreadcrumbList","@id":"https:\/\/vigisensys.fr\/index.php\/mentions-legales\/#breadcrumb","itemListElement":[{"@type":"ListItem","position":1,"name":"Accueil","item":"https:\/\/vigisensys.fr\/"},{"@type":"ListItem","position":2,"name":"Mentions l\u00e9gales"}]},{"@type":"WebSite","@id":"https:\/\/vigisensys.fr\/#website","url":"https:\/\/vigisensys.fr\/","name":"VigiSensys - Solution de surveillance multi-param\u00e8tres","description":"UNE MEILLEURE MA\u00ceTRISE DU RISQUE GR\u00c2CE A DES RESULTATS PLUS FIABLES","publisher":{"@id":"https:\/\/vigisensys.fr\/#organization"},"alternateName":"VGS","potentialAction":[{"@type":"SearchAction","target":{"@type":"EntryPoint","urlTemplate":"https:\/\/vigisensys.fr\/?s={search_term_string}"},"query-input":{"@type":"PropertyValueSpecification","valueRequired":true,"valueName":"search_term_string"}}],"inLanguage":"fr-FR"},{"@type":"Organization","@id":"https:\/\/vigisensys.fr\/#organization","name":"VigiSensys","url":"https:\/\/vigisensys.fr\/","logo":{"@type":"ImageObject","inLanguage":"fr-FR","@id":"https:\/\/vigisensys.fr\/#\/schema\/logo\/image\/","url":"https:\/\/vigisensys.fr\/wp-content\/uploads\/2026\/02\/VigiSensys1-1-scaled.png","contentUrl":"https:\/\/vigisensys.fr\/wp-content\/uploads\/2026\/02\/VigiSensys1-1-scaled.png","width":2376,"height":2560,"caption":"VigiSensys"},"image":{"@id":"https:\/\/vigisensys.fr\/#\/schema\/logo\/image\/"},"sameAs":["https:\/\/www.linkedin.com\/company\/mc2lab"]}]}},"_links":{"self":[{"href":"https:\/\/vigisensys.fr\/index.php\/wp-json\/wp\/v2\/pages\/2530","targetHints":{"allow":["GET"]}}],"collection":[{"href":"https:\/\/vigisensys.fr\/index.php\/wp-json\/wp\/v2\/pages"}],"about":[{"href":"https:\/\/vigisensys.fr\/index.php\/wp-json\/wp\/v2\/types\/page"}],"author":[{"embeddable":true,"href":"https:\/\/vigisensys.fr\/index.php\/wp-json\/wp\/v2\/users\/1"}],"replies":[{"embeddable":true,"href":"https:\/\/vigisensys.fr\/index.php\/wp-json\/wp\/v2\/comments?post=2530"}],"version-history":[{"count":4,"href":"https:\/\/vigisensys.fr\/index.php\/wp-json\/wp\/v2\/pages\/2530\/revisions"}],"predecessor-version":[{"id":2917,"href":"https:\/\/vigisensys.fr\/index.php\/wp-json\/wp\/v2\/pages\/2530\/revisions\/2917"}],"wp:attachment":[{"href":"https:\/\/vigisensys.fr\/index.php\/wp-json\/wp\/v2\/media?parent=2530"}],"curies":[{"name":"wp","href":"https:\/\/api.w.org\/{rel}","templated":true}]}}